{"id":1054,"date":"2025-06-11T13:38:48","date_gmt":"2025-06-11T11:38:48","guid":{"rendered":"https:\/\/villa-riva-vir.com\/?page_id=1054"},"modified":"2025-06-26T15:12:55","modified_gmt":"2025-06-26T13:12:55","slug":"datenschutzerklaerung","status":"publish","type":"page","link":"https:\/\/villa-riva-vir.com\/cs\/datenschutzerklaerung\/","title":{"rendered":"Z\u00e1sady ochrany osobn\u00edch \u00fadaj\u016f"},"content":{"rendered":"<div data-elementor-type=\"wp-page\" data-elementor-id=\"1054\" class=\"elementor elementor-1054\" data-elementor-post-type=\"page\">\n\t\t\t\t<div class=\"elementor-element elementor-element-6bf1432b e-flex e-con-boxed e-con e-parent\" data-id=\"6bf1432b\" data-element_type=\"container\" data-e-type=\"container\" data-settings=\"{&quot;background_background&quot;:&quot;classic&quot;,&quot;position&quot;:&quot;fixed&quot;}\">\n\t\t\t\t\t<div class=\"e-con-inner\">\n\t\t<div class=\"elementor-element elementor-element-4fcca36 e-flex e-con-boxed e-con e-child\" data-id=\"4fcca36\" data-element_type=\"container\" data-e-type=\"container\" data-settings=\"{&quot;background_background&quot;:&quot;classic&quot;,&quot;position&quot;:&quot;fixed&quot;}\">\n\t\t\t\t\t<div class=\"e-con-inner\">\n\t\t<div class=\"elementor-element elementor-element-3c06d0b e-con-full e-flex e-con e-child\" data-id=\"3c06d0b\" data-element_type=\"container\" data-e-type=\"container\">\n\t\t\t\t<div class=\"elementor-element elementor-element-420eb7d elementor-invisible elementor-widget elementor-widget-image\" data-id=\"420eb7d\" data-element_type=\"widget\" data-e-type=\"widget\" data-settings=\"{&quot;_animation&quot;:&quot;fadeInLeft&quot;}\" data-widget_type=\"image.default\">\n\t\t\t\t<div class=\"elementor-widget-container\">\n\t\t\t\t\t\t\t\t\t\t\t\t\t\t\t\t<a href=\"https:\/\/villa-riva-vir.com\/cs\/\">\n\t\t\t\t\t\t\t<img fetchpriority=\"high\" decoding=\"async\" width=\"1459\" height=\"417\" src=\"https:\/\/villa-riva-vir.com\/wp-content\/uploads\/2025\/05\/Logo_Zeichenflaeche-1-Kopie-2.webp\" class=\"attachment-full size-full wp-image-182\" alt=\"\" srcset=\"https:\/\/villa-riva-vir.com\/wp-content\/uploads\/2025\/05\/Logo_Zeichenflaeche-1-Kopie-2.webp 1459w, https:\/\/villa-riva-vir.com\/wp-content\/uploads\/2025\/05\/Logo_Zeichenflaeche-1-Kopie-2-300x86.webp 300w, https:\/\/villa-riva-vir.com\/wp-content\/uploads\/2025\/05\/Logo_Zeichenflaeche-1-Kopie-2-1024x293.png 1024w, https:\/\/villa-riva-vir.com\/wp-content\/uploads\/2025\/05\/Logo_Zeichenflaeche-1-Kopie-2-768x220.webp 768w\" sizes=\"(max-width: 1459px) 100vw, 1459px\" \/>\t\t\t\t\t\t\t\t<\/a>\n\t\t\t\t\t\t\t\t\t\t\t\t\t\t\t<\/div>\n\t\t\t\t<\/div>\n\t\t\t\t<\/div>\n\t\t<div class=\"elementor-element elementor-element-29c80d5 e-con-full e-flex e-con e-child\" data-id=\"29c80d5\" data-element_type=\"container\" data-e-type=\"container\">\n\t\t\t\t<div class=\"elementor-element elementor-element-4418875 elementor-nav-menu--dropdown-tablet elementor-nav-menu__text-align-aside elementor-nav-menu--toggle elementor-nav-menu--burger elementor-widget elementor-widget-nav-menu\" data-id=\"4418875\" data-element_type=\"widget\" data-e-type=\"widget\" data-settings=\"{&quot;layout&quot;:&quot;horizontal&quot;,&quot;submenu_icon&quot;:{&quot;value&quot;:&quot;&lt;svg aria-hidden=\\&quot;true\\&quot; class=\\&quot;e-font-icon-svg e-fas-caret-down\\&quot; viewBox=\\&quot;0 0 320 512\\&quot; xmlns=\\&quot;http:\\\/\\\/www.w3.org\\\/2000\\\/svg\\&quot;&gt;&lt;path d=\\&quot;M31.3 192h257.3c17.8 0 26.7 21.5 14.1 34.1L174.1 354.8c-7.8 7.8-20.5 7.8-28.3 0L17.2 226.1C4.6 213.5 13.5 192 31.3 192z\\&quot;&gt;&lt;\\\/path&gt;&lt;\\\/svg&gt;&quot;,&quot;library&quot;:&quot;fa-solid&quot;},&quot;toggle&quot;:&quot;burger&quot;}\" data-widget_type=\"nav-menu.default\">\n\t\t\t\t<div class=\"elementor-widget-container\">\n\t\t\t\t\t\t\t\t<nav aria-label=\"Nab\u00eddka\" class=\"elementor-nav-menu--main elementor-nav-menu__container elementor-nav-menu--layout-horizontal e--pointer-underline e--animation-fade\">\n\t\t\t\t<ul id=\"menu-1-4418875\" class=\"elementor-nav-menu\"><li class=\"menu-item menu-item-type-post_type menu-item-object-page menu-item-home menu-item-174\"><a href=\"https:\/\/villa-riva-vir.com\/cs\/\" class=\"elementor-item\">Villa Riva Vir<\/a><\/li>\n<li class=\"menu-item menu-item-type-post_type menu-item-object-page menu-item-172\"><a href=\"https:\/\/villa-riva-vir.com\/cs\/die-ausstattung\/\" class=\"elementor-item\">Design interi\u00e9ru<\/a><\/li>\n<li class=\"menu-item menu-item-type-post_type menu-item-object-page menu-item-171\"><a href=\"https:\/\/villa-riva-vir.com\/cs\/insel-vir-umgebung\/\" class=\"elementor-item\">Ostrov Vir a okol\u00ed<\/a><\/li>\n<li class=\"menu-item menu-item-type-post_type menu-item-object-page menu-item-169\"><a href=\"https:\/\/villa-riva-vir.com\/cs\/kontakt\/\" class=\"elementor-item\">Kontaktujte n\u00e1s<\/a><\/li>\n<\/ul>\t\t\t<\/nav>\n\t\t\t\t\t<div class=\"elementor-menu-toggle\" role=\"button\" tabindex=\"0\" aria-label=\"P\u0159ep\u00edna\u010d nab\u00eddky\" aria-expanded=\"false\">\n\t\t\t<svg aria-hidden=\"true\" role=\"presentation\" class=\"elementor-menu-toggle__icon--open e-font-icon-svg e-eicon-menu-bar\" viewbox=\"0 0 1000 1000\" xmlns=\"http:\/\/www.w3.org\/2000\/svg\"><path d=\"M104 333H896C929 333 958 304 958 271S929 208 896 208H104C71 208 42 237 42 271S71 333 104 333ZM104 583H896C929 583 958 554 958 521S929 458 896 458H104C71 458 42 487 42 521S71 583 104 583ZM104 833H896C929 833 958 804 958 771S929 708 896 708H104C71 708 42 737 42 771S71 833 104 833Z\"><\/path><\/svg><svg aria-hidden=\"true\" role=\"presentation\" class=\"elementor-menu-toggle__icon--close e-font-icon-svg e-eicon-close\" viewbox=\"0 0 1000 1000\" xmlns=\"http:\/\/www.w3.org\/2000\/svg\"><path d=\"M742 167L500 408 258 167C246 154 233 150 217 150 196 150 179 158 167 167 154 179 150 196 150 212 150 229 154 242 171 254L408 500 167 742C138 771 138 800 167 829 196 858 225 858 254 829L496 587 738 829C750 842 767 846 783 846 800 846 817 842 829 829 842 817 846 804 846 783 846 767 842 750 829 737L588 500 833 258C863 229 863 200 833 171 804 137 775 137 742 167Z\"><\/path><\/svg>\t\t<\/div>\n\t\t\t\t\t<nav class=\"elementor-nav-menu--dropdown elementor-nav-menu__container\" aria-hidden=\"true\">\n\t\t\t\t<ul id=\"menu-2-4418875\" class=\"elementor-nav-menu\"><li class=\"menu-item menu-item-type-post_type menu-item-object-page menu-item-home menu-item-174\"><a href=\"https:\/\/villa-riva-vir.com\/cs\/\" class=\"elementor-item\" tabindex=\"-1\">Villa Riva Vir<\/a><\/li>\n<li class=\"menu-item menu-item-type-post_type menu-item-object-page menu-item-172\"><a href=\"https:\/\/villa-riva-vir.com\/cs\/die-ausstattung\/\" class=\"elementor-item\" tabindex=\"-1\">Design interi\u00e9ru<\/a><\/li>\n<li class=\"menu-item menu-item-type-post_type menu-item-object-page menu-item-171\"><a href=\"https:\/\/villa-riva-vir.com\/cs\/insel-vir-umgebung\/\" class=\"elementor-item\" tabindex=\"-1\">Ostrov Vir a okol\u00ed<\/a><\/li>\n<li class=\"menu-item menu-item-type-post_type menu-item-object-page menu-item-169\"><a href=\"https:\/\/villa-riva-vir.com\/cs\/kontakt\/\" class=\"elementor-item\" tabindex=\"-1\">Kontaktujte n\u00e1s<\/a><\/li>\n<\/ul>\t\t\t<\/nav>\n\t\t\t\t\t\t<\/div>\n\t\t\t\t<\/div>\n\t\t\t\t<\/div>\n\t\t<div class=\"elementor-element elementor-element-51d9226 elementor-hidden-mobile e-con-full e-flex e-con e-child\" data-id=\"51d9226\" data-element_type=\"container\" data-e-type=\"container\">\n\t\t\t\t<div class=\"elementor-element elementor-element-5f92c94 elementor-icon-list--layout-inline elementor-align-end elementor-list-item-link-full_width elementor-invisible elementor-widget elementor-widget-icon-list\" data-id=\"5f92c94\" data-element_type=\"widget\" data-e-type=\"widget\" data-settings=\"{&quot;_animation&quot;:&quot;fadeInRight&quot;}\" data-widget_type=\"icon-list.default\">\n\t\t\t\t<div class=\"elementor-widget-container\">\n\t\t\t\t\t\t\t<ul class=\"elementor-icon-list-items elementor-inline-items\">\n\t\t\t\t\t\t\t<li class=\"elementor-icon-list-item elementor-inline-item\">\n\t\t\t\t\t\t\t\t\t\t\t<a href=\"https:\/\/villa-riva-vir.com\/cs\/kontakt\/\">\n\n\t\t\t\t\t\t\t\t\t\t\t\t<span class=\"elementor-icon-list-icon\">\n\t\t\t\t\t\t\t<svg aria-hidden=\"true\" class=\"e-font-icon-svg e-fas-home\" viewbox=\"0 0 576 512\" xmlns=\"http:\/\/www.w3.org\/2000\/svg\"><path d=\"M280.37 148.26L96 300.11V464a16 16 0 0 0 16 16l112.06-.29a16 16 0 0 0 15.92-16V368a16 16 0 0 1 16-16h64a16 16 0 0 1 16 16v95.64a16 16 0 0 0 16 16.05L464 480a16 16 0 0 0 16-16V300L295.67 148.26a12.19 12.19 0 0 0-15.3 0zM571.6 251.47L488 182.56V44.05a12 12 0 0 0-12-12h-56a12 12 0 0 0-12 12v72.61L318.47 43a48 48 0 0 0-61 0L4.34 251.47a12 12 0 0 0-1.6 16.9l25.5 31A12 12 0 0 0 45.15 301l235.22-193.74a12.19 12.19 0 0 1 15.3 0L530.9 301a12 12 0 0 0 16.9-1.6l25.5-31a12 12 0 0 0-1.7-16.93z\"><\/path><\/svg>\t\t\t\t\t\t<\/span>\n\t\t\t\t\t\t\t\t\t\t<span class=\"elementor-icon-list-text\">Popt\u00e1vka<\/span>\n\t\t\t\t\t\t\t\t\t\t\t<\/a>\n\t\t\t\t\t\t\t\t\t<\/li>\n\t\t\t\t\t\t<\/ul>\n\t\t\t\t\t\t<\/div>\n\t\t\t\t<\/div>\n\t\t\t\t<\/div>\n\t\t\t\t\t<\/div>\n\t\t\t\t<\/div>\n\t\t\t\t\t<\/div>\n\t\t\t\t<\/div>\n\t\t<div class=\"elementor-element elementor-element-5317883 e-flex e-con-boxed e-con e-parent\" data-id=\"5317883\" data-element_type=\"container\" data-e-type=\"container\">\n\t\t\t\t\t<div class=\"e-con-inner\">\n\t\t\t\t<div class=\"elementor-element elementor-element-972db80 elementor-widget elementor-widget-heading\" data-id=\"972db80\" data-element_type=\"widget\" data-e-type=\"widget\" data-widget_type=\"heading.default\">\n\t\t\t\t<div class=\"elementor-widget-container\">\n\t\t\t\t\t<h2 class=\"elementor-heading-title elementor-size-default\">Z\u00e1sady ochrany osobn\u00edch \u00fadaj\u016f\n<\/h2>\t\t\t\t<\/div>\n\t\t\t\t<\/div>\n\t\t\t\t\t<\/div>\n\t\t\t\t<\/div>\n\t\t<div class=\"elementor-element elementor-element-626c211 e-flex e-con-boxed e-con e-parent\" data-id=\"626c211\" data-element_type=\"container\" data-e-type=\"container\">\n\t\t\t\t\t<div class=\"e-con-inner\">\n\t\t\t\t<div class=\"elementor-element elementor-element-fcbaa52 elementor-widget elementor-widget-text-editor\" data-id=\"fcbaa52\" data-element_type=\"widget\" data-e-type=\"widget\" data-widget_type=\"text-editor.default\">\n\t\t\t\t<div class=\"elementor-widget-container\">\n\t\t\t\t\t\t\t\t\t<p><b>1. odpov\u011bdn\u00e1 osoba<\/b><b><\/b><\/p><p>Za zpracov\u00e1n\u00ed \u00fadaj\u016f na t\u011bchto webov\u00fdch str\u00e1nk\u00e1ch odpov\u00edd\u00e1<\/p><p><b>Slobodan Mrkonjic<\/b><br \/>Lap\u0161ina 42<br \/>40313 Sveti Martin na Muri<br \/>Chorvatsko<br \/>Telefon: +49 172 2717312<br \/>e-mail: <a href=\"mailto:vir.mrkonjic@gmail.com\">vir.mrkonjic@gmail.com<\/a><\/p><p><b>Technick\u00e1 realizace:<\/b><br \/><b>Fine&amp;Bold - Agentura pro design a web<\/b><br \/>(adresa nen\u00ed povinn\u00e1)<\/p><p><b>2. shroma\u017e\u010fov\u00e1n\u00ed a uchov\u00e1v\u00e1n\u00ed osobn\u00edch \u00fadaj\u016f<\/b><b><\/b><\/p><p>P\u0159i n\u00e1v\u0161t\u011bv\u011b t\u011bchto webov\u00fdch str\u00e1nek se automaticky shroma\u017e\u010fuj\u00ed n\u00e1sleduj\u00edc\u00ed \u00fadaje (soubory protokolu serveru):<\/p><ul><li>IP adresa (zkr\u00e1cen\u00e1\/anonymizovan\u00e1, pokud je to mo\u017en\u00e9).<\/li><li>Datum a \u010das p\u0159\u00edstupu<\/li><li>Typ\/verze prohl\u00ed\u017ee\u010de<\/li><li>Opera\u010dn\u00ed syst\u00e9m<\/li><li>Adresa URL odkazuj\u00edc\u00edho subjektu<\/li><li>N\u00e1zev poskytovatele internetu<\/li><\/ul><p><b>\u00da\u010del:<\/b> Zaji\u0161t\u011bn\u00ed technicky bezchybn\u00e9ho provozu a optimalizace webov\u00fdch str\u00e1nek.<br \/><b>Pr\u00e1vn\u00ed z\u00e1klad:<\/b> \u010cl. 6 odst. 1 p\u00edsm. f GDPR (opr\u00e1vn\u011bn\u00fd z\u00e1jem).<\/p><p><b>3. nav\u00e1z\u00e1n\u00ed kontaktu<\/b><b><\/b><\/p><p>Pokud n\u00e1s kontaktujete e-mailem nebo telefonicky, budou v\u00e1mi poskytnut\u00e9 \u00fadaje zpracov\u00e1ny za \u00fa\u010delem vy\u0159\u00edzen\u00ed va\u0161eho dotazu. Tyto \u00fadaje nebudou p\u0159ed\u00e1ny bez va\u0161eho souhlasu.<\/p><p><b>Pr\u00e1vn\u00ed z\u00e1klad:<\/b> \u010cl. 6 odst. 1 p\u00edsm. b GDPR (opat\u0159en\u00ed p\u0159ed uzav\u0159en\u00edm smlouvy nebo pln\u011bn\u00ed smlouvy).<\/p><p><b>4. hosting<\/b><b><\/b><\/p><p>Webov\u00e9 str\u00e1nky host\u00ed:<br \/><b>ALL-INKL.COM - Nov\u00e1 m\u00e9dia Mnichov<\/b><br \/>Majitel: Ren\u00e9 M\u00fcnnich<br \/>Hlavn\u00ed ulice 68<br \/>02742 Friedersdorf<br \/>N\u011bmecko<\/p><p>Zpracov\u00e1n\u00ed se prov\u00e1d\u00ed na z\u00e1klad\u011b smlouvy o zpracov\u00e1n\u00ed objedn\u00e1vky v souladu s \u010dl. 28 GDPR.<\/p><p><b>5. soubory cookie<\/b><b><\/b><\/p><p>Tyto webov\u00e9 str\u00e1nky pou\u017e\u00edvaj\u00ed technicky nezbytn\u00e9 soubory cookie. Soubory cookie jsou mal\u00e9 textov\u00e9 soubory, kter\u00e9 se ukl\u00e1daj\u00ed do va\u0161eho koncov\u00e9ho za\u0159\u00edzen\u00ed a umo\u017e\u0148uj\u00ed funkce webu. Ukl\u00e1d\u00e1n\u00ed soubor\u016f cookie m\u016f\u017eete zabr\u00e1nit zm\u011bnou nastaven\u00ed ve sv\u00e9m prohl\u00ed\u017ee\u010di.<\/p><p><b>Pr\u00e1vn\u00ed z\u00e1klad:<\/b> \u010cl. 6 odst. 1 p\u00edsm. f GDPR.<\/p><p>(Nepovinn\u00e9: Pokud se pou\u017e\u00edvaj\u00ed dal\u0161\u00ed soubory cookie pro sledov\u00e1n\u00ed\/anal\u00fdzu nebo mapy, mus\u00ed b\u00fdt implementov\u00e1n banner se souhlasem (opt-in).)<\/p><p><b>6. integrace slu\u017eeb t\u0159et\u00edch stran<\/b><b><\/b><\/p><p><b>Mapy Google (pokud jsou integrovan\u00e9):<\/b><br \/>K zobrazen\u00ed map pou\u017e\u00edv\u00e1me Mapy Google. Poskytovatel:<br \/>Google Ireland Limited, Gordon House, Barrow Street, Dublin 4, Irsko.<\/p><p>P\u0159i vyvol\u00e1n\u00ed mapy se va\u0161e IP adresa p\u0159en\u00e1\u0161\u00ed do spole\u010dnosti Google.<br \/><b>Z\u00e1sady ochrany osobn\u00edch \u00fadaj\u016f spole\u010dnosti Google:<\/b> <a href=\"https:\/\/www.google.com\/policies\/privacy\/\">https:\/\/www.google.com\/policies\/privacy\/<\/a><br \/><b>Pr\u00e1vn\u00ed z\u00e1klad:<\/b> V\u00e1\u0161 souhlas v souladu s \u010dl. 6 odst. 1 p\u00edsm. a GDPR.<\/p><p><b>7. va\u0161e pr\u00e1va<\/b><b><\/b><\/p><p>M\u00e1te pr\u00e1vo na:<\/p><ul><li>Informace podle \u010dl. 15 GDPR<\/li><li>Oprava v souladu s \u010dl. 16 GDPR<\/li><li>V\u00fdmaz podle \u010dl. 17 GDPR<\/li><li>Omezen\u00ed zpracov\u00e1n\u00ed podle \u010dl. 18 GDPR<\/li><li>P\u0159enositelnost \u00fadaj\u016f podle \u010dl. 20 GDPR<\/li><li>N\u00e1mitka proti zpracov\u00e1n\u00ed podle \u010dl. 21 GDPR<\/li><\/ul><p>M\u00e1te tak\u00e9 pr\u00e1vo podat st\u00ed\u017enost u dozorov\u00e9ho \u00fa\u0159adu (\u010dl. 77 GDPR).<\/p><p><b>8. doba skladov\u00e1n\u00ed<\/b><b><\/b><\/p><p>Osobn\u00ed \u00fadaje jsou uchov\u00e1v\u00e1ny pouze po dobu, kter\u00e1 je nezbytn\u00e1 pro dan\u00fd \u00fa\u010del, nebo po dobu, po kterou existuj\u00ed z\u00e1konn\u00e9 povinnosti jejich uchov\u00e1v\u00e1n\u00ed.<\/p><p><b>9. \u0160ifrov\u00e1n\u00ed SSL\/TLS<\/b><b><\/b><\/p><p>Tyto str\u00e1nky pou\u017e\u00edvaj\u00ed k bezpe\u010dn\u00e9mu p\u0159enosu va\u0161ich dat \u0161ifrov\u00e1n\u00ed SSL. To pozn\u00e1te podle \"https:\/\/\" a symbolu z\u00e1mku v adresn\u00edm \u0159\u00e1dku prohl\u00ed\u017ee\u010de.<\/p><p><b>10. zm\u011bna t\u011bchto z\u00e1sad ochrany osobn\u00edch \u00fadaj\u016f<\/b><b><\/b><\/p><p>Tyto z\u00e1sady ochrany osobn\u00edch \u00fadaj\u016f mohou b\u00fdt zm\u011bn\u011bny, nap\u0159. v p\u0159\u00edpad\u011b nov\u00fdch pr\u00e1vn\u00edch po\u017eadavk\u016f nebo zm\u011bn na webov\u00fdch str\u00e1nk\u00e1ch. Aktu\u00e1ln\u00ed verze je k dispozici na t\u00e9to str\u00e1nce.<\/p>\t\t\t\t\t\t\t\t<\/div>\n\t\t\t\t<\/div>\n\t\t\t\t\t<\/div>\n\t\t\t\t<\/div>\n\t\t<div class=\"elementor-element elementor-element-6e526eb7 e-flex e-con-boxed e-con e-parent\" data-id=\"6e526eb7\" data-element_type=\"container\" data-e-type=\"container\" data-settings=\"{&quot;background_background&quot;:&quot;classic&quot;}\">\n\t\t\t\t\t<div class=\"e-con-inner\">\n\t\t<div class=\"elementor-element elementor-element-57cf475c e-con-full e-flex e-con e-child\" data-id=\"57cf475c\" data-element_type=\"container\" data-e-type=\"container\">\n\t\t<div class=\"elementor-element elementor-element-2f949cc5 e-con-full e-flex e-con e-child\" data-id=\"2f949cc5\" data-element_type=\"container\" data-e-type=\"container\">\n\t\t\t\t<div class=\"elementor-element elementor-element-44884780 elementor-widget elementor-widget-image\" data-id=\"44884780\" data-element_type=\"widget\" data-e-type=\"widget\" data-widget_type=\"image.default\">\n\t\t\t\t<div class=\"elementor-widget-container\">\n\t\t\t\t\t\t\t\t\t\t\t\t\t\t\t\t<a href=\"https:\/\/wpmet.com\/plugin\/elementskit\/photography\/\">\n\t\t\t\t\t\t\t<img decoding=\"async\" width=\"800\" height=\"229\" src=\"https:\/\/villa-riva-vir.com\/wp-content\/uploads\/2025\/05\/Logo_Zeichenflaeche-1-Kopie-5-1024x293.webp\" class=\"attachment-large size-large wp-image-185\" alt=\"\" srcset=\"https:\/\/villa-riva-vir.com\/wp-content\/uploads\/2025\/05\/Logo_Zeichenflaeche-1-Kopie-5-1024x293.webp 1024w, https:\/\/villa-riva-vir.com\/wp-content\/uploads\/2025\/05\/Logo_Zeichenflaeche-1-Kopie-5-300x86.webp 300w, https:\/\/villa-riva-vir.com\/wp-content\/uploads\/2025\/05\/Logo_Zeichenflaeche-1-Kopie-5-768x220.webp 768w, https:\/\/villa-riva-vir.com\/wp-content\/uploads\/2025\/05\/Logo_Zeichenflaeche-1-Kopie-5.webp 1459w\" sizes=\"(max-width: 800px) 100vw, 800px\" \/>\t\t\t\t\t\t\t\t<\/a>\n\t\t\t\t\t\t\t\t\t\t\t\t\t\t\t<\/div>\n\t\t\t\t<\/div>\n\t\t\t\t<div class=\"elementor-element elementor-element-25add377 e-grid-align-left elementor-shape-rounded elementor-grid-0 elementor-widget elementor-widget-social-icons\" data-id=\"25add377\" data-element_type=\"widget\" data-e-type=\"widget\" data-widget_type=\"social-icons.default\">\n\t\t\t\t<div class=\"elementor-widget-container\">\n\t\t\t\t\t\t\t<div class=\"elementor-social-icons-wrapper elementor-grid\" role=\"list\">\n\t\t\t\t\t\t\t<span class=\"elementor-grid-item\" role=\"listitem\">\n\t\t\t\t\t<a class=\"elementor-icon elementor-social-icon elementor-social-icon-map-marker-alt elementor-repeater-item-9c9b35d\" href=\"https:\/\/maps.app.goo.gl\/N1TTMPjtnLj4Ae4a9\" target=\"_blank\">\n\t\t\t\t\t\t<span class=\"elementor-screen-only\">Mapa-zna\u010dka-star\u00e1<\/span>\n\t\t\t\t\t\t<svg aria-hidden=\"true\" class=\"e-font-icon-svg e-fas-map-marker-alt\" viewbox=\"0 0 384 512\" xmlns=\"http:\/\/www.w3.org\/2000\/svg\"><path d=\"M172.268 501.67C26.97 291.031 0 269.413 0 192 0 85.961 85.961 0 192 0s192 85.961 192 192c0 77.413-26.97 99.031-172.268 309.67-9.535 13.774-29.93 13.773-39.464 0zM192 272c44.183 0 80-35.817 80-80s-35.817-80-80-80-80 35.817-80 80 35.817 80 80 80z\"><\/path><\/svg>\t\t\t\t\t<\/a>\n\t\t\t\t<\/span>\n\t\t\t\t\t\t\t<span class=\"elementor-grid-item\" role=\"listitem\">\n\t\t\t\t\t<a class=\"elementor-icon elementor-social-icon elementor-social-icon-envelope elementor-repeater-item-e4d5218\" href=\"mailto:vir.mrkonjic@gmail.com\" target=\"_blank\">\n\t\t\t\t\t\t<span class=\"elementor-screen-only\">Ob\u00e1lka<\/span>\n\t\t\t\t\t\t<svg aria-hidden=\"true\" class=\"e-font-icon-svg e-fas-envelope\" viewbox=\"0 0 512 512\" xmlns=\"http:\/\/www.w3.org\/2000\/svg\"><path d=\"M502.3 190.8c3.9-3.1 9.7-.2 9.7 4.7V400c0 26.5-21.5 48-48 48H48c-26.5 0-48-21.5-48-48V195.6c0-5 5.7-7.8 9.7-4.7 22.4 17.4 52.1 39.5 154.1 113.6 21.1 15.4 56.7 47.8 92.2 47.6 35.7.3 72-32.8 92.3-47.6 102-74.1 131.6-96.3 154-113.7zM256 320c23.2.4 56.6-29.2 73.4-41.4 132.7-96.3 142.8-104.7 173.4-128.7 5.8-4.5 9.2-11.5 9.2-18.9v-19c0-26.5-21.5-48-48-48H48C21.5 64 0 85.5 0 112v19c0 7.4 3.4 14.3 9.2 18.9 30.6 23.9 40.7 32.4 173.4 128.7 16.8 12.2 50.2 41.8 73.4 41.4z\"><\/path><\/svg>\t\t\t\t\t<\/a>\n\t\t\t\t<\/span>\n\t\t\t\t\t<\/div>\n\t\t\t\t\t\t<\/div>\n\t\t\t\t<\/div>\n\t\t\t\t<\/div>\n\t\t<div class=\"elementor-element elementor-element-42f8e5a5 e-con-full e-flex e-con e-child\" data-id=\"42f8e5a5\" data-element_type=\"container\" data-e-type=\"container\">\n\t\t\t\t<div class=\"elementor-element elementor-element-31192d6f elementor-invisible elementor-widget elementor-widget-heading\" data-id=\"31192d6f\" data-element_type=\"widget\" data-e-type=\"widget\" data-settings=\"{&quot;_animation&quot;:&quot;fadeInUp&quot;}\" data-widget_type=\"heading.default\">\n\t\t\t\t<div class=\"elementor-widget-container\">\n\t\t\t\t\t<h2 class=\"elementor-heading-title elementor-size-default\">P\u0159\u00edrodn\u00ed. Autentick\u00e9. Stoj\u00ed za to je za\u017e\u00edt.<\/h2>\t\t\t\t<\/div>\n\t\t\t\t<\/div>\n\t\t\t\t<\/div>\n\t\t\t\t<\/div>\n\t\t<div class=\"elementor-element elementor-element-3e7bac97 e-con-full e-flex e-con e-child\" data-id=\"3e7bac97\" data-element_type=\"container\" data-e-type=\"container\">\n\t\t\t\t<div class=\"elementor-element elementor-element-db6f00a elementor-icon-list--layout-inline elementor-align-end elementor-mobile-align-start elementor-list-item-link-full_width elementor-widget elementor-widget-icon-list\" data-id=\"db6f00a\" data-element_type=\"widget\" data-e-type=\"widget\" data-widget_type=\"icon-list.default\">\n\t\t\t\t<div class=\"elementor-widget-container\">\n\t\t\t\t\t\t\t<ul class=\"elementor-icon-list-items elementor-inline-items\">\n\t\t\t\t\t\t\t<li class=\"elementor-icon-list-item elementor-inline-item\">\n\t\t\t\t\t\t\t\t\t\t\t<a href=\"https:\/\/villa-riva-vir.com\/cs\/\">\n\n\t\t\t\t\t\t\t\t\t\t\t<span class=\"elementor-icon-list-text\">Villa Riva Vir<\/span>\n\t\t\t\t\t\t\t\t\t\t\t<\/a>\n\t\t\t\t\t\t\t\t\t<\/li>\n\t\t\t\t\t\t\t\t<li class=\"elementor-icon-list-item elementor-inline-item\">\n\t\t\t\t\t\t\t\t\t\t\t<a href=\"https:\/\/villa-riva-vir.com\/cs\/die-ausstattung\/\">\n\n\t\t\t\t\t\t\t\t\t\t\t<span class=\"elementor-icon-list-text\">Design interi\u00e9ru<\/span>\n\t\t\t\t\t\t\t\t\t\t\t<\/a>\n\t\t\t\t\t\t\t\t\t<\/li>\n\t\t\t\t\t\t\t\t<li class=\"elementor-icon-list-item elementor-inline-item\">\n\t\t\t\t\t\t\t\t\t\t\t<a href=\"https:\/\/villa-riva-vir.com\/cs\/insel-vir-umgebung\/\">\n\n\t\t\t\t\t\t\t\t\t\t\t<span class=\"elementor-icon-list-text\">Ostrov Vir a okol\u00ed<\/span>\n\t\t\t\t\t\t\t\t\t\t\t<\/a>\n\t\t\t\t\t\t\t\t\t<\/li>\n\t\t\t\t\t\t\t\t<li class=\"elementor-icon-list-item elementor-inline-item\">\n\t\t\t\t\t\t\t\t\t\t\t<a href=\"https:\/\/villa-riva-vir.com\/cs\/kontakt\/\">\n\n\t\t\t\t\t\t\t\t\t\t\t<span class=\"elementor-icon-list-text\">Kontaktujte n\u00e1s<\/span>\n\t\t\t\t\t\t\t\t\t\t\t<\/a>\n\t\t\t\t\t\t\t\t\t<\/li>\n\t\t\t\t\t\t\t\t<li class=\"elementor-icon-list-item elementor-inline-item\">\n\t\t\t\t\t\t\t\t\t\t\t<a href=\"https:\/\/villa-riva-vir.com\/cs\/datenschutzerklaerung\/\">\n\n\t\t\t\t\t\t\t\t\t\t\t<span class=\"elementor-icon-list-text\">Z\u00e1sady ochrany osobn\u00edch \u00fadaj\u016f<\/span>\n\t\t\t\t\t\t\t\t\t\t\t<\/a>\n\t\t\t\t\t\t\t\t\t<\/li>\n\t\t\t\t\t\t\t\t<li class=\"elementor-icon-list-item elementor-inline-item\">\n\t\t\t\t\t\t\t\t\t\t\t<a href=\"https:\/\/villa-riva-vir.com\/cs\/impressum\/\">\n\n\t\t\t\t\t\t\t\t\t\t\t<span class=\"elementor-icon-list-text\">Otisk<\/span>\n\t\t\t\t\t\t\t\t\t\t\t<\/a>\n\t\t\t\t\t\t\t\t\t<\/li>\n\t\t\t\t\t\t<\/ul>\n\t\t\t\t\t\t<\/div>\n\t\t\t\t<\/div>\n\t\t\t\t<\/div>\n\t\t\t\t\t<\/div>\n\t\t\t\t<\/div>\n\t\t<div class=\"elementor-element elementor-element-6f86b2f3 e-flex e-con-boxed e-con e-parent\" data-id=\"6f86b2f3\" data-element_type=\"container\" data-e-type=\"container\" data-settings=\"{&quot;background_background&quot;:&quot;classic&quot;}\">\n\t\t\t\t\t<div class=\"e-con-inner\">\n\t\t<div class=\"elementor-element elementor-element-2f08ce5c e-con-full e-flex e-con e-child\" data-id=\"2f08ce5c\" data-element_type=\"container\" data-e-type=\"container\">\n\t\t\t\t<div class=\"elementor-element elementor-element-463869d4 elementor-widget-divider--view-line elementor-invisible elementor-widget elementor-widget-divider\" data-id=\"463869d4\" data-element_type=\"widget\" data-e-type=\"widget\" data-settings=\"{&quot;_animation_mobile&quot;:&quot;fadeIn&quot;,&quot;_animation&quot;:&quot;fadeIn&quot;}\" data-widget_type=\"divider.default\">\n\t\t\t\t<div class=\"elementor-widget-container\">\n\t\t\t\t\t\t\t<div class=\"elementor-divider\">\n\t\t\t<span class=\"elementor-divider-separator\">\n\t\t\t\t\t\t<\/span>\n\t\t<\/div>\n\t\t\t\t\t\t<\/div>\n\t\t\t\t<\/div>\n\t\t<div class=\"elementor-element elementor-element-62f5a8a e-con-full e-flex e-con e-child\" data-id=\"62f5a8a\" data-element_type=\"container\" data-e-type=\"container\">\n\t\t\t\t<div class=\"elementor-element elementor-element-4f4daa86 elementor-widget__width-initial elementor-widget-mobile__width-inherit elementor-invisible elementor-widget elementor-widget-text-editor\" data-id=\"4f4daa86\" data-element_type=\"widget\" data-e-type=\"widget\" data-settings=\"{&quot;_animation_mobile&quot;:&quot;fadeIn&quot;,&quot;_animation&quot;:&quot;fadeIn&quot;}\" data-widget_type=\"text-editor.default\">\n\t\t\t\t<div class=\"elementor-widget-container\">\n\t\t\t\t\t\t\t\t\t<p>Design od Fine&amp;Bold. V\u0161echna pr\u00e1va vyhrazena.<\/p>\t\t\t\t\t\t\t\t<\/div>\n\t\t\t\t<\/div>\n\t\t\t\t<div class=\"elementor-element elementor-element-6c6bd1ad elementor-widget__width-initial elementor-widget-mobile__width-inherit elementor-invisible elementor-widget elementor-widget-text-editor\" data-id=\"6c6bd1ad\" data-element_type=\"widget\" data-e-type=\"widget\" data-settings=\"{&quot;_animation_mobile&quot;:&quot;fadeIn&quot;,&quot;_animation&quot;:&quot;fadeIn&quot;}\" data-widget_type=\"text-editor.default\">\n\t\t\t\t<div class=\"elementor-widget-container\">\n\t\t\t\t\t\t\t\t\t<p>Architektura. Pohled. P\u0159\u00edjezd.<\/p>\t\t\t\t\t\t\t\t<\/div>\n\t\t\t\t<\/div>\n\t\t\t\t<\/div>\n\t\t\t\t<\/div>\n\t\t\t\t\t<\/div>\n\t\t\t\t<\/div>\n\t\t\t\t<\/div>","protected":false},"excerpt":{"rendered":"<p>Anfrage Datenschutzerkl\u00e4rung 1. Verantwortlicher Verantwortlich f\u00fcr die Datenverarbeitung auf dieser Website ist: Slobodan MrkonjicLap\u0161ina 4240313 Sveti Martin na MuriKroatienTelefon: +49 172 2717312E-Mail: vir.mrkonjic@gmail.com Technische Umsetzung durch:Fine&amp;Bold \u2013 Agentur f\u00fcr Design &amp; Web(Adresse optional) 2. Erhebung und Speicherung personenbezogener Daten Beim Besuch dieser Website werden automatisch folgende Daten erhoben (Server-Logfiles): IP-Adresse (gek\u00fcrzt\/anonymisiert, sofern m\u00f6glich) Datum und [&hellip;]<\/p>\n","protected":false},"author":1,"featured_media":855,"parent":0,"menu_order":0,"comment_status":"closed","ping_status":"closed","template":"elementor_canvas","meta":{"footnotes":""},"class_list":["post-1054","page","type-page","status-publish","has-post-thumbnail","hentry"],"_links":{"self":[{"href":"https:\/\/villa-riva-vir.com\/cs\/wp-json\/wp\/v2\/pages\/1054","targetHints":{"allow":["GET"]}}],"collection":[{"href":"https:\/\/villa-riva-vir.com\/cs\/wp-json\/wp\/v2\/pages"}],"about":[{"href":"https:\/\/villa-riva-vir.com\/cs\/wp-json\/wp\/v2\/types\/page"}],"author":[{"embeddable":true,"href":"https:\/\/villa-riva-vir.com\/cs\/wp-json\/wp\/v2\/users\/1"}],"replies":[{"embeddable":true,"href":"https:\/\/villa-riva-vir.com\/cs\/wp-json\/wp\/v2\/comments?post=1054"}],"version-history":[{"count":10,"href":"https:\/\/villa-riva-vir.com\/cs\/wp-json\/wp\/v2\/pages\/1054\/revisions"}],"predecessor-version":[{"id":1276,"href":"https:\/\/villa-riva-vir.com\/cs\/wp-json\/wp\/v2\/pages\/1054\/revisions\/1276"}],"wp:featuredmedia":[{"embeddable":true,"href":"https:\/\/villa-riva-vir.com\/cs\/wp-json\/wp\/v2\/media\/855"}],"wp:attachment":[{"href":"https:\/\/villa-riva-vir.com\/cs\/wp-json\/wp\/v2\/media?parent=1054"}],"curies":[{"name":"wp","href":"https:\/\/api.w.org\/{rel}","templated":true}]}}